{"id":778,"date":"2023-11-17T00:20:40","date_gmt":"2023-11-16T23:20:40","guid":{"rendered":"https:\/\/pro-ad.org\/?page_id=778"},"modified":"2025-05-02T17:29:19","modified_gmt":"2025-05-02T15:29:19","slug":"marketing","status":"publish","type":"page","link":"https:\/\/pro-ad.org\/de\/marketing\/","title":{"rendered":"Marketing"},"content":{"rendered":"<div data-elementor-type=\"wp-page\" data-elementor-id=\"778\" class=\"elementor elementor-778\" data-elementor-post-type=\"page\">\n\t\t\t\t<div class=\"elementor-element elementor-element-1ac91f2 e-flex e-con-boxed e-con e-parent\" data-id=\"1ac91f2\" data-element_type=\"container\" data-e-type=\"container\" data-settings=\"{&quot;background_background&quot;:&quot;classic&quot;}\">\n\t\t\t\t\t<div class=\"e-con-inner\">\n\t\t<div class=\"elementor-element elementor-element-6c495f9 e-con-full e-flex e-con e-child\" data-id=\"6c495f9\" data-element_type=\"container\" data-e-type=\"container\" data-settings=\"{&quot;animation&quot;:&quot;none&quot;}\">\n\t\t\t\t<div class=\"elementor-element elementor-element-596e345 elementor-invisible elementor-widget elementor-widget-heading\" data-id=\"596e345\" data-element_type=\"widget\" data-e-type=\"widget\" data-settings=\"{&quot;_animation&quot;:&quot;fadeInUp&quot;}\" data-widget_type=\"heading.default\">\n\t\t\t\t<div class=\"elementor-widget-container\">\n\t\t\t\t\t<h6 class=\"elementor-heading-title elementor-size-default\">Proad<\/h6>\t\t\t\t<\/div>\n\t\t\t\t<\/div>\n\t\t\t\t<div class=\"elementor-element elementor-element-71d1dc8 elementor-widget__width-initial elementor-widget-tablet__width-initial elementor-invisible elementor-widget elementor-widget-heading\" data-id=\"71d1dc8\" data-element_type=\"widget\" data-e-type=\"widget\" data-settings=\"{&quot;_animation&quot;:&quot;fadeInUp&quot;}\" data-widget_type=\"heading.default\">\n\t\t\t\t<div class=\"elementor-widget-container\">\n\t\t\t\t\t<h1 class=\"elementor-heading-title elementor-size-default\">Werbung f\u00fcr Ihr Unternehmen\n<\/h1>\t\t\t\t<\/div>\n\t\t\t\t<\/div>\n\t\t\t\t<div class=\"elementor-element elementor-element-256bc01 elementor-align-center elementor-mobile-align-left elementor-invisible elementor-widget elementor-widget-button\" data-id=\"256bc01\" data-element_type=\"widget\" data-e-type=\"widget\" data-settings=\"{&quot;_animation&quot;:&quot;fadeInUp&quot;,&quot;_animation_delay&quot;:400}\" data-widget_type=\"button.default\">\n\t\t\t\t<div class=\"elementor-widget-container\">\n\t\t\t\t\t\t\t\t\t<div class=\"elementor-button-wrapper\">\n\t\t\t\t\t<a class=\"elementor-button elementor-button-link elementor-size-sm elementor-animation-shrink\" href=\"https:\/\/pro-ad.org\/de\/kontakt\/\">\n\t\t\t\t\t\t<span class=\"elementor-button-content-wrapper\">\n\t\t\t\t\t\t\t\t\t<span class=\"elementor-button-text\">Konsultieren<\/span>\n\t\t\t\t\t<\/span>\n\t\t\t\t\t<\/a>\n\t\t\t\t<\/div>\n\t\t\t\t\t\t\t\t<\/div>\n\t\t\t\t<\/div>\n\t\t\t\t<\/div>\n\t\t<div class=\"elementor-element elementor-element-52a62e0 elementor-hidden-mobile e-flex e-con-boxed elementor-invisible e-con e-child\" data-id=\"52a62e0\" data-element_type=\"container\" data-e-type=\"container\" data-settings=\"{&quot;animation&quot;:&quot;fadeInUp&quot;}\">\n\t\t\t\t\t<div class=\"e-con-inner\">\n\t\t\t\t<div class=\"elementor-element elementor-element-fd964d1 elementor-widget elementor-widget-image\" data-id=\"fd964d1\" data-element_type=\"widget\" data-e-type=\"widget\" data-widget_type=\"image.default\">\n\t\t\t\t<div class=\"elementor-widget-container\">\n\t\t\t\t\t\t\t\t\t\t\t\t\t\t\t<img fetchpriority=\"high\" decoding=\"async\" width=\"512\" height=\"512\" src=\"https:\/\/pro-ad.org\/wp-content\/uploads\/2023\/11\/005-seo.png\" class=\"attachment-large size-large wp-image-1128\" alt=\"\" srcset=\"https:\/\/pro-ad.org\/wp-content\/uploads\/2023\/11\/005-seo.png 512w, https:\/\/pro-ad.org\/wp-content\/uploads\/2023\/11\/005-seo-300x300.png 300w, https:\/\/pro-ad.org\/wp-content\/uploads\/2023\/11\/005-seo-150x150.png 150w\" sizes=\"(max-width: 512px) 100vw, 512px\" \/>\t\t\t\t\t\t\t\t\t\t\t\t\t\t\t<\/div>\n\t\t\t\t<\/div>\n\t\t\t\t\t<\/div>\n\t\t\t\t<\/div>\n\t\t\t\t\t<\/div>\n\t\t\t\t<\/div>\n\t\t<div class=\"elementor-element elementor-element-14bda9a e-flex e-con-boxed e-con e-parent\" data-id=\"14bda9a\" data-element_type=\"container\" data-e-type=\"container\" data-settings=\"{&quot;background_background&quot;:&quot;classic&quot;}\">\n\t\t\t\t\t<div class=\"e-con-inner\">\n\t\t<div class=\"elementor-element elementor-element-9884254 e-flex e-con-boxed e-con e-child\" data-id=\"9884254\" data-element_type=\"container\" data-e-type=\"container\" data-settings=\"{&quot;background_background&quot;:&quot;gradient&quot;,&quot;motion_fx_motion_fx_scrolling&quot;:&quot;yes&quot;,&quot;motion_fx_translateY_effect&quot;:&quot;yes&quot;,&quot;motion_fx_translateY_speed&quot;:{&quot;unit&quot;:&quot;px&quot;,&quot;size&quot;:2,&quot;sizes&quot;:[]},&quot;motion_fx_translateY_affectedRange&quot;:{&quot;unit&quot;:&quot;%&quot;,&quot;size&quot;:&quot;&quot;,&quot;sizes&quot;:{&quot;start&quot;:0,&quot;end&quot;:100}},&quot;motion_fx_devices&quot;:[&quot;desktop&quot;,&quot;tablet&quot;,&quot;mobile&quot;]}\">\n\t\t\t\t\t<div class=\"e-con-inner\">\n\t\t<div class=\"elementor-element elementor-element-363fff7 e-flex e-con-boxed e-con e-child\" data-id=\"363fff7\" data-element_type=\"container\" data-e-type=\"container\">\n\t\t\t\t\t<div class=\"e-con-inner\">\n\t\t\t\t<div class=\"elementor-element elementor-element-406fb1d elementor-widget elementor-widget-heading\" data-id=\"406fb1d\" data-element_type=\"widget\" data-e-type=\"widget\" data-widget_type=\"heading.default\">\n\t\t\t\t<div class=\"elementor-widget-container\">\n\t\t\t\t\t<h2 class=\"elementor-heading-title elementor-size-default\">Wir f\u00f6rdern Ihr Unternehmen<\/h2><\/h2>\t\t\t\t<\/div>\n\t\t\t\t<\/div>\n\t\t\t\t<div class=\"elementor-element elementor-element-399d904 elementor-widget elementor-widget-text-editor\" data-id=\"399d904\" data-element_type=\"widget\" data-e-type=\"widget\" data-widget_type=\"text-editor.default\">\n\t\t\t\t<div class=\"elementor-widget-container\">\n\t\t\t\t\t\t\t\t\t<p>Wir konzentrieren uns auch auf digitales Marketing und Werbekampagnen. Wir helfen Ihnen, die Aufmerksamkeit Ihrer Zielgruppe durch effektive Online-Strategien zu gewinnen. Unsere Aufgabe ist es, Kampagnen zu erstellen, die nicht nur anziehen, sondern auch Ergebnisse liefern.<\/p>\t\t\t\t\t\t\t\t<\/div>\n\t\t\t\t<\/div>\n\t\t\t\t\t<\/div>\n\t\t\t\t<\/div>\n\t\t\t\t<div class=\"elementor-element elementor-element-e524ce6 elementor-widget__width-initial elementor-widget-tablet__width-initial elementor-widget elementor-widget-image\" data-id=\"e524ce6\" data-element_type=\"widget\" data-e-type=\"widget\" data-widget_type=\"image.default\">\n\t\t\t\t<div class=\"elementor-widget-container\">\n\t\t\t\t\t\t\t\t\t\t\t\t\t\t\t<img decoding=\"async\" width=\"512\" height=\"512\" src=\"https:\/\/pro-ad.org\/wp-content\/uploads\/2023\/11\/006-chart.png\" class=\"attachment-large size-large wp-image-1129\" alt=\"\" srcset=\"https:\/\/pro-ad.org\/wp-content\/uploads\/2023\/11\/006-chart.png 512w, https:\/\/pro-ad.org\/wp-content\/uploads\/2023\/11\/006-chart-300x300.png 300w, https:\/\/pro-ad.org\/wp-content\/uploads\/2023\/11\/006-chart-150x150.png 150w\" sizes=\"(max-width: 512px) 100vw, 512px\" \/>\t\t\t\t\t\t\t\t\t\t\t\t\t\t\t<\/div>\n\t\t\t\t<\/div>\n\t\t\t\t\t<\/div>\n\t\t\t\t<\/div>\n\t\t\t\t\t<\/div>\n\t\t\t\t<\/div>\n\t\t<div class=\"elementor-element elementor-element-1a07d49 e-flex e-con-boxed e-con e-parent\" data-id=\"1a07d49\" data-element_type=\"container\" data-e-type=\"container\" data-settings=\"{&quot;background_background&quot;:&quot;classic&quot;}\">\n\t\t\t\t\t<div class=\"e-con-inner\">\n\t\t\t\t<div class=\"elementor-element elementor-element-065cdd4 elementor-widget__width-inherit elementor-widget elementor-widget-heading\" data-id=\"065cdd4\" data-element_type=\"widget\" data-e-type=\"widget\" data-widget_type=\"heading.default\">\n\t\t\t\t<div class=\"elementor-widget-container\">\n\t\t\t\t\t<h2 class=\"elementor-heading-title elementor-size-default\">Methoden<\/h2>\t\t\t\t<\/div>\n\t\t\t\t<\/div>\n\t\t\t\t<div class=\"elementor-element elementor-element-6e27172 elementor-widget__width-inherit elementor-widget-tablet__width-inherit elementor-widget-mobile__width-inherit elementor-widget elementor-widget-heading\" data-id=\"6e27172\" data-element_type=\"widget\" data-e-type=\"widget\" data-widget_type=\"heading.default\">\n\t\t\t\t<div class=\"elementor-widget-container\">\n\t\t\t\t\t<div class=\"elementor-heading-title elementor-size-default\">Welche Taktik bevorzugen wir?<\/div>\t\t\t\t<\/div>\n\t\t\t\t<\/div>\n\t\t<div class=\"elementor-element elementor-element-de1ef81 e-con-full e-flex e-con e-child\" data-id=\"de1ef81\" data-element_type=\"container\" data-e-type=\"container\" data-settings=\"{&quot;background_background&quot;:&quot;gradient&quot;}\">\n\t\t\t\t<div class=\"elementor-element elementor-element-2007eb7 elementor-widget__width-initial elementor-widget elementor-widget-image\" data-id=\"2007eb7\" data-element_type=\"widget\" data-e-type=\"widget\" data-widget_type=\"image.default\">\n\t\t\t\t<div class=\"elementor-widget-container\">\n\t\t\t\t\t\t\t\t\t\t\t\t\t\t\t<img decoding=\"async\" width=\"1024\" height=\"1024\" src=\"https:\/\/pro-ad.org\/wp-content\/uploads\/2025\/05\/bd81c350ae44b52f3bbd6aa25ea75aa2-1024x1024.png\" class=\"attachment-large size-large wp-image-4207\" alt=\"\" srcset=\"https:\/\/pro-ad.org\/wp-content\/uploads\/2025\/05\/bd81c350ae44b52f3bbd6aa25ea75aa2-1024x1024.png 1024w, https:\/\/pro-ad.org\/wp-content\/uploads\/2025\/05\/bd81c350ae44b52f3bbd6aa25ea75aa2-300x300.png 300w, https:\/\/pro-ad.org\/wp-content\/uploads\/2025\/05\/bd81c350ae44b52f3bbd6aa25ea75aa2-150x150.png 150w, https:\/\/pro-ad.org\/wp-content\/uploads\/2025\/05\/bd81c350ae44b52f3bbd6aa25ea75aa2-768x768.png 768w, https:\/\/pro-ad.org\/wp-content\/uploads\/2025\/05\/bd81c350ae44b52f3bbd6aa25ea75aa2-1536x1536.png 1536w, https:\/\/pro-ad.org\/wp-content\/uploads\/2025\/05\/bd81c350ae44b52f3bbd6aa25ea75aa2.png 2048w\" sizes=\"(max-width: 1024px) 100vw, 1024px\" \/>\t\t\t\t\t\t\t\t\t\t\t\t\t\t\t<\/div>\n\t\t\t\t<\/div>\n\t\t<div class=\"elementor-element elementor-element-3d8fadd e-flex e-con-boxed e-con e-child\" data-id=\"3d8fadd\" data-element_type=\"container\" data-e-type=\"container\">\n\t\t\t\t\t<div class=\"e-con-inner\">\n\t\t\t\t<div class=\"elementor-element elementor-element-3c2678a elementor-widget__width-auto elementor-widget elementor-widget-heading\" data-id=\"3c2678a\" data-element_type=\"widget\" data-e-type=\"widget\" data-widget_type=\"heading.default\">\n\t\t\t\t<div class=\"elementor-widget-container\">\n\t\t\t\t\t<h3 class=\"elementor-heading-title elementor-size-default\">Google Ads<\/h3>\t\t\t\t<\/div>\n\t\t\t\t<\/div>\n\t\t\t\t<div class=\"elementor-element elementor-element-c87d888 elementor-widget__width-auto elementor-widget elementor-widget-text-editor\" data-id=\"c87d888\" data-element_type=\"widget\" data-e-type=\"widget\" data-widget_type=\"text-editor.default\">\n\t\t\t\t<div class=\"elementor-widget-container\">\n\t\t\t\t\t\t\t\t\t<p>Google Ads hilft Ihnen, die Conversions zu steigern und die Ankunft neuer Kunden sicherzustellen. Mit einer guten Einstellung und Ausrichtung auf ein bestimmtes Publikum k\u00f6nnen die Ergebnisse sehr schnell sein.<\/p>\t\t\t\t\t\t\t\t<\/div>\n\t\t\t\t<\/div>\n\t\t\t\t\t<\/div>\n\t\t\t\t<\/div>\n\t\t\t\t<\/div>\n\t\t<div class=\"elementor-element elementor-element-d4a18e1 e-con-full e-flex e-con e-child\" data-id=\"d4a18e1\" data-element_type=\"container\" data-e-type=\"container\" data-settings=\"{&quot;background_background&quot;:&quot;gradient&quot;}\">\n\t\t\t\t<div class=\"elementor-element elementor-element-5604843 elementor-widget__width-initial elementor-widget elementor-widget-image\" data-id=\"5604843\" data-element_type=\"widget\" data-e-type=\"widget\" data-widget_type=\"image.default\">\n\t\t\t\t<div class=\"elementor-widget-container\">\n\t\t\t\t\t\t\t\t\t\t\t\t\t\t\t<img loading=\"lazy\" decoding=\"async\" width=\"1024\" height=\"1024\" src=\"https:\/\/pro-ad.org\/wp-content\/uploads\/2025\/05\/Facebook_Logo_2023-1024x1024.png\" class=\"attachment-large size-large wp-image-4206\" alt=\"\" srcset=\"https:\/\/pro-ad.org\/wp-content\/uploads\/2025\/05\/Facebook_Logo_2023-1024x1024.png 1024w, https:\/\/pro-ad.org\/wp-content\/uploads\/2025\/05\/Facebook_Logo_2023-300x300.png 300w, https:\/\/pro-ad.org\/wp-content\/uploads\/2025\/05\/Facebook_Logo_2023-150x150.png 150w, https:\/\/pro-ad.org\/wp-content\/uploads\/2025\/05\/Facebook_Logo_2023-768x768.png 768w, https:\/\/pro-ad.org\/wp-content\/uploads\/2025\/05\/Facebook_Logo_2023-1536x1536.png 1536w, https:\/\/pro-ad.org\/wp-content\/uploads\/2025\/05\/Facebook_Logo_2023-2048x2048.png 2048w\" sizes=\"(max-width: 1024px) 100vw, 1024px\" \/>\t\t\t\t\t\t\t\t\t\t\t\t\t\t\t<\/div>\n\t\t\t\t<\/div>\n\t\t<div class=\"elementor-element elementor-element-d15d5c8 e-flex e-con-boxed e-con e-child\" data-id=\"d15d5c8\" data-element_type=\"container\" data-e-type=\"container\">\n\t\t\t\t\t<div class=\"e-con-inner\">\n\t\t\t\t<div class=\"elementor-element elementor-element-45c102f elementor-widget__width-initial elementor-widget-mobile__width-inherit elementor-widget elementor-widget-heading\" data-id=\"45c102f\" data-element_type=\"widget\" data-e-type=\"widget\" data-widget_type=\"heading.default\">\n\t\t\t\t<div class=\"elementor-widget-container\">\n\t\t\t\t\t<h2 class=\"elementor-heading-title elementor-size-default\">Facebook-Anzeigen<\/h2>\t\t\t\t<\/div>\n\t\t\t\t<\/div>\n\t\t\t\t<div class=\"elementor-element elementor-element-40f1f71 elementor-widget elementor-widget-text-editor\" data-id=\"40f1f71\" data-element_type=\"widget\" data-e-type=\"widget\" data-widget_type=\"text-editor.default\">\n\t\t\t\t<div class=\"elementor-widget-container\">\n\t\t\t\t\t\t\t\t\t<p>Mit Facebook-Anzeigen k\u00f6nnen Sie bestimmte Personengruppen direkt ansprechen, die Sie nach dem Besuch Ihrer Website mit Ihren Anzeigen erneut erreichen k\u00f6nnen.<\/p>\t\t\t\t\t\t\t\t<\/div>\n\t\t\t\t<\/div>\n\t\t\t\t\t<\/div>\n\t\t\t\t<\/div>\n\t\t\t\t<\/div>\n\t\t\t\t\t<\/div>\n\t\t\t\t<\/div>\n\t\t<div class=\"elementor-element elementor-element-da5058c elementor-hidden-desktop elementor-hidden-tablet elementor-hidden-mobile e-flex e-con-boxed e-con e-parent\" data-id=\"da5058c\" data-element_type=\"container\" data-e-type=\"container\" data-settings=\"{&quot;background_background&quot;:&quot;classic&quot;}\">\n\t\t\t\t\t<div class=\"e-con-inner\">\n\t\t\t\t<div class=\"elementor-element elementor-element-eae2640 elementor-widget__width-inherit elementor-widget elementor-widget-heading\" data-id=\"eae2640\" data-element_type=\"widget\" data-e-type=\"widget\" data-widget_type=\"heading.default\">\n\t\t\t\t<div class=\"elementor-widget-container\">\n\t\t\t\t\t<h2 class=\"elementor-heading-title elementor-size-default\"><h2 data-elementor-setting-key=\"title\" data-pen-placeholder=\"Pi\u0161te zde...\" style=\"font-size: var( --e-global-typography-f3b0fa6-font-size );font-style: normal;font-weight: var( --e-global-typography-f3b0fa6-font-weight );line-height: var( --e-global-typography-f3b0fa6-line-height );font-family: Poppins, poppins\">Portfolio<span style=\"color: var( --e-global-color-text );font-family: var( --e-global-typography-f3b0fa6-font-family ), poppins;font-size: var( --e-global-typography-f3b0fa6-font-size );font-style: inherit;font-weight: var( --e-global-typography-f3b0fa6-font-weight );text-transform: var( --e-global-typography-text-text-transform )\"><\/span><\/h2><\/h2>\t\t\t\t<\/div>\n\t\t\t\t<\/div>\n\t\t\t\t<div class=\"elementor-element elementor-element-216d062 elementor-widget__width-auto elementor-widget-tablet__width-initial elementor-widget-mobile__width-inherit elementor-widget elementor-widget-heading\" data-id=\"216d062\" data-element_type=\"widget\" data-e-type=\"widget\" data-widget_type=\"heading.default\">\n\t\t\t\t<div class=\"elementor-widget-container\">\n\t\t\t\t\t<div class=\"elementor-heading-title elementor-size-default\">Unsere neueste Arbeit<\/div>\t\t\t\t<\/div>\n\t\t\t\t<\/div>\n\t\t<div class=\"elementor-element elementor-element-3d0952f e-con-full e-flex e-con e-child\" data-id=\"3d0952f\" data-element_type=\"container\" data-e-type=\"container\" data-settings=\"{&quot;animation&quot;:&quot;none&quot;,&quot;animation_mobile&quot;:&quot;none&quot;}\">\n\t\t<div class=\"elementor-element elementor-element-461438d e-con-full e-flex elementor-invisible e-con e-child\" data-id=\"461438d\" data-element_type=\"container\" data-e-type=\"container\" data-settings=\"{&quot;background_background&quot;:&quot;gradient&quot;,&quot;animation&quot;:&quot;fadeInLeft&quot;,&quot;animation_mobile&quot;:&quot;fadeInUp&quot;}\">\n\t\t<div class=\"elementor-element elementor-element-fc3a0d0 e-con-full e-flex e-con e-child\" data-id=\"fc3a0d0\" data-element_type=\"container\" data-e-type=\"container\">\n\t\t\t\t<div class=\"elementor-element elementor-element-731ecb9 elementor-widget__width-inherit elementor-widget elementor-widget-heading\" data-id=\"731ecb9\" data-element_type=\"widget\" data-e-type=\"widget\" data-widget_type=\"heading.default\">\n\t\t\t\t<div class=\"elementor-widget-container\">\n\t\t\t\t\t<h2 class=\"elementor-heading-title elementor-size-default\">Trimmspielzeug<\/h2>\t\t\t\t<\/div>\n\t\t\t\t<\/div>\n\t\t\t\t<\/div>\n\t\t<div class=\"elementor-element elementor-element-0580651 e-flex e-con-boxed e-con e-child\" data-id=\"0580651\" data-element_type=\"container\" data-e-type=\"container\">\n\t\t\t\t\t<div class=\"e-con-inner\">\n\t\t\t\t<div class=\"elementor-element elementor-element-55962c4 elementor-widget elementor-widget-image\" data-id=\"55962c4\" data-element_type=\"widget\" data-e-type=\"widget\" data-widget_type=\"image.default\">\n\t\t\t\t<div class=\"elementor-widget-container\">\n\t\t\t\t\t\t\t\t\t\t\t\t\t\t\t<img loading=\"lazy\" decoding=\"async\" width=\"1024\" height=\"481\" src=\"https:\/\/pro-ad.org\/wp-content\/uploads\/2024\/07\/SCR-trim-1024x481.png\" class=\"attachment-large size-large wp-image-3073\" alt=\"\" srcset=\"https:\/\/pro-ad.org\/wp-content\/uploads\/2024\/07\/SCR-trim-1024x481.png 1024w, https:\/\/pro-ad.org\/wp-content\/uploads\/2024\/07\/SCR-trim-300x141.png 300w, https:\/\/pro-ad.org\/wp-content\/uploads\/2024\/07\/SCR-trim-768x360.png 768w, https:\/\/pro-ad.org\/wp-content\/uploads\/2024\/07\/SCR-trim.png 1366w\" sizes=\"(max-width: 1024px) 100vw, 1024px\" \/>\t\t\t\t\t\t\t\t\t\t\t\t\t\t\t<\/div>\n\t\t\t\t<\/div>\n\t\t\t\t<div class=\"elementor-element elementor-element-573a6a0 elementor-align-center elementor-widget elementor-widget-button\" data-id=\"573a6a0\" data-element_type=\"widget\" data-e-type=\"widget\" data-widget_type=\"button.default\">\n\t\t\t\t<div class=\"elementor-widget-container\">\n\t\t\t\t\t\t\t\t\t<div class=\"elementor-button-wrapper\">\n\t\t\t\t\t<a class=\"elementor-button elementor-button-link elementor-size-sm elementor-animation-shrink\" href=\"https:\/\/shop.trimhracky.cz\/\" target=\"_blank\" rel=\"noopener\">\n\t\t\t\t\t\t<span class=\"elementor-button-content-wrapper\">\n\t\t\t\t\t\t\t\t\t<span class=\"elementor-button-text\">Zum E-Shop<\/span>\n\t\t\t\t\t<\/span>\n\t\t\t\t\t<\/a>\n\t\t\t\t<\/div>\n\t\t\t\t\t\t\t\t<\/div>\n\t\t\t\t<\/div>\n\t\t\t\t\t<\/div>\n\t\t\t\t<\/div>\n\t\t\t\t<\/div>\n\t\t<div class=\"elementor-element elementor-element-3537fa6 e-con-full e-flex elementor-invisible e-con e-child\" data-id=\"3537fa6\" data-element_type=\"container\" data-e-type=\"container\" data-settings=\"{&quot;background_background&quot;:&quot;gradient&quot;,&quot;animation&quot;:&quot;fadeInRight&quot;,&quot;animation_mobile&quot;:&quot;fadeInUp&quot;}\">\n\t\t<div class=\"elementor-element elementor-element-3c2072b e-flex e-con-boxed e-con e-child\" data-id=\"3c2072b\" data-element_type=\"container\" data-e-type=\"container\">\n\t\t\t\t\t<div class=\"e-con-inner\">\n\t\t\t\t<div class=\"elementor-element elementor-element-a443795 elementor-widget elementor-widget-heading\" data-id=\"a443795\" data-element_type=\"widget\" data-e-type=\"widget\" data-widget_type=\"heading.default\">\n\t\t\t\t<div class=\"elementor-widget-container\">\n\t\t\t\t\t<h2 class=\"elementor-heading-title elementor-size-default\">Arbex<\/h2>\t\t\t\t<\/div>\n\t\t\t\t<\/div>\n\t\t\t\t\t<\/div>\n\t\t\t\t<\/div>\n\t\t<div class=\"elementor-element elementor-element-5715b19 e-flex e-con-boxed e-con e-child\" data-id=\"5715b19\" data-element_type=\"container\" data-e-type=\"container\">\n\t\t\t\t\t<div class=\"e-con-inner\">\n\t\t\t\t<div class=\"elementor-element elementor-element-ba3d9a9 elementor-widget elementor-widget-image\" data-id=\"ba3d9a9\" data-element_type=\"widget\" data-e-type=\"widget\" data-widget_type=\"image.default\">\n\t\t\t\t<div class=\"elementor-widget-container\">\n\t\t\t\t\t\t\t\t\t\t\t\t\t\t\t<img loading=\"lazy\" decoding=\"async\" width=\"1024\" height=\"486\" src=\"https:\/\/pro-ad.org\/wp-content\/uploads\/2024\/09\/scr-arbex-1024x486.png\" class=\"attachment-large size-large wp-image-3129\" alt=\"\" srcset=\"https:\/\/pro-ad.org\/wp-content\/uploads\/2024\/09\/scr-arbex-1024x486.png 1024w, https:\/\/pro-ad.org\/wp-content\/uploads\/2024\/09\/scr-arbex-300x143.png 300w, https:\/\/pro-ad.org\/wp-content\/uploads\/2024\/09\/scr-arbex-768x365.png 768w, https:\/\/pro-ad.org\/wp-content\/uploads\/2024\/09\/scr-arbex-1536x730.png 1536w, https:\/\/pro-ad.org\/wp-content\/uploads\/2024\/09\/scr-arbex.png 1920w\" sizes=\"(max-width: 1024px) 100vw, 1024px\" \/>\t\t\t\t\t\t\t\t\t\t\t\t\t\t\t<\/div>\n\t\t\t\t<\/div>\n\t\t\t\t<div class=\"elementor-element elementor-element-88595ec elementor-align-center elementor-widget elementor-widget-button\" data-id=\"88595ec\" data-element_type=\"widget\" data-e-type=\"widget\" data-widget_type=\"button.default\">\n\t\t\t\t<div class=\"elementor-widget-container\">\n\t\t\t\t\t\t\t\t\t<div class=\"elementor-button-wrapper\">\n\t\t\t\t\t<a class=\"elementor-button elementor-button-link elementor-size-sm elementor-animation-shrink\" href=\"https:\/\/arbex.org\/\" target=\"_blank\" rel=\"noopener\">\n\t\t\t\t\t\t<span class=\"elementor-button-content-wrapper\">\n\t\t\t\t\t\t\t\t\t<span class=\"elementor-button-text\">Zur Website<\/span>\n\t\t\t\t\t<\/span>\n\t\t\t\t\t<\/a>\n\t\t\t\t<\/div>\n\t\t\t\t\t\t\t\t<\/div>\n\t\t\t\t<\/div>\n\t\t\t\t\t<\/div>\n\t\t\t\t<\/div>\n\t\t\t\t<\/div>\n\t\t\t\t<\/div>\n\t\t\t\t\t<\/div>\n\t\t\t\t<\/div>\n\t\t\t\t<\/div>","protected":false},"excerpt":{"rendered":"<p>Proad Werbung f\u00fcr Ihr Unternehmen Consult Wir f\u00f6rdern Ihr Unternehmen Wir besch\u00e4ftigen uns auch mit digitalem Marketing und der Erstellung von Werbekampagnen. Wir helfen Ihnen, die Aufmerksamkeit Ihrer Zielgruppe durch effektive Online-Strategien zu gewinnen. Unsere Aufgabe ist es, Kampagnen zu erstellen, die nicht nur anziehen, sondern auch Ergebnisse liefern. Wege Welche Taktiken bevorzugen wir Google Ads Google Ads wird Ihnen helfen, die Conversions zu erh\u00f6hen und [...]<\/p>","protected":false},"author":1,"featured_media":0,"parent":0,"menu_order":0,"comment_status":"closed","ping_status":"closed","template":"","meta":{"site-sidebar-layout":"no-sidebar","site-content-layout":"page-builder","ast-site-content-layout":"full-width-container","site-content-style":"default","site-sidebar-style":"default","ast-global-header-display":"","ast-banner-title-visibility":"","ast-main-header-display":"","ast-hfb-above-header-display":"","ast-hfb-below-header-display":"","ast-hfb-mobile-header-display":"","site-post-title":"disabled","ast-breadcrumbs-content":"","ast-featured-img":"disabled","footer-sml-layout":"","ast-disable-related-posts":"","theme-transparent-header-meta":"default","adv-header-id-meta":"","stick-header-meta":"","header-above-stick-meta":"","header-main-stick-meta":"","header-below-stick-meta":"","astra-migrate-meta-layouts":"set","ast-page-background-enabled":"default","ast-page-background-meta":{"desktop":{"background-color":"","background-image":"","background-repeat":"repeat","background-position":"center center","background-size":"auto","background-attachment":"scroll","background-type":"","background-media":"","overlay-type":"","overlay-color":"","overlay-opacity":"","overlay-gradient":""},"tablet":{"background-color":"","background-image":"","background-repeat":"repeat","background-position":"center center","background-size":"auto","background-attachment":"scroll","background-type":"","background-media":"","overlay-type":"","overlay-color":"","overlay-opacity":"","overlay-gradient":""},"mobile":{"background-color":"","background-image":"","background-repeat":"repeat","background-position":"center center","background-size":"auto","background-attachment":"scroll","background-type":"","background-media":"","overlay-type":"","overlay-color":"","overlay-opacity":"","overlay-gradient":""}},"ast-content-background-meta":{"desktop":{"background-color":"var(--ast-global-color-5)","background-image":"","background-repeat":"repeat","background-position":"center center","background-size":"auto","background-attachment":"scroll","background-type":"","background-media":"","overlay-type":"","overlay-color":"","overlay-opacity":"","overlay-gradient":""},"tablet":{"background-color":"var(--ast-global-color-5)","background-image":"","background-repeat":"repeat","background-position":"center center","background-size":"auto","background-attachment":"scroll","background-type":"","background-media":"","overlay-type":"","overlay-color":"","overlay-opacity":"","overlay-gradient":""},"mobile":{"background-color":"var(--ast-global-color-5)","background-image":"","background-repeat":"repeat","background-position":"center center","background-size":"auto","background-attachment":"scroll","background-type":"","background-media":"","overlay-type":"","overlay-color":"","overlay-opacity":"","overlay-gradient":""}},"footnotes":""},"class_list":["post-778","page","type-page","status-publish","hentry"],"_links":{"self":[{"href":"https:\/\/pro-ad.org\/de\/wp-json\/wp\/v2\/pages\/778","targetHints":{"allow":["GET"]}}],"collection":[{"href":"https:\/\/pro-ad.org\/de\/wp-json\/wp\/v2\/pages"}],"about":[{"href":"https:\/\/pro-ad.org\/de\/wp-json\/wp\/v2\/types\/page"}],"author":[{"embeddable":true,"href":"https:\/\/pro-ad.org\/de\/wp-json\/wp\/v2\/users\/1"}],"replies":[{"embeddable":true,"href":"https:\/\/pro-ad.org\/de\/wp-json\/wp\/v2\/comments?post=778"}],"version-history":[{"count":0,"href":"https:\/\/pro-ad.org\/de\/wp-json\/wp\/v2\/pages\/778\/revisions"}],"wp:attachment":[{"href":"https:\/\/pro-ad.org\/de\/wp-json\/wp\/v2\/media?parent=778"}],"curies":[{"name":"wp","href":"https:\/\/api.w.org\/{rel}","templated":true}]}}